{"id":110,"date":"2016-08-25T13:16:43","date_gmt":"2016-08-25T13:16:43","guid":{"rendered":"http:\/\/waldkircher.vipeworks.de\/?page_id=110"},"modified":"2023-04-21T09:46:14","modified_gmt":"2023-04-21T09:46:14","slug":"impressum","status":"publish","type":"page","link":"https:\/\/brennerei-waldkircher.de\/?page_id=110","title":{"rendered":"Impressum"},"content":{"rendered":"\t\t<div data-elementor-type=\"wp-page\" data-elementor-id=\"110\" class=\"elementor elementor-110\">\n\t\t\t\t\t\t<section class=\"elementor-section elementor-top-section elementor-element elementor-element-ec49b63 elementor-section-boxed elementor-section-height-default elementor-section-height-default\" data-id=\"ec49b63\" data-element_type=\"section\">\n\t\t\t\t\t\t<div class=\"elementor-container elementor-column-gap-default\">\n\t\t\t\t\t<div class=\"elementor-column elementor-col-100 elementor-top-column elementor-element elementor-element-2e31f5b\" data-id=\"2e31f5b\" data-element_type=\"column\">\n\t\t\t<div class=\"elementor-widget-wrap elementor-element-populated\">\n\t\t\t\t\t\t<div class=\"elementor-element elementor-element-3949cb2 elementor-widget elementor-widget-heading\" data-id=\"3949cb2\" data-element_type=\"widget\" data-widget_type=\"heading.default\">\n\t\t\t\t<div class=\"elementor-widget-container\">\n\t\t\t\t\t<h2 class=\"elementor-heading-title elementor-size-default\">Impressum<\/h2>\t\t\t\t<\/div>\n\t\t\t\t<\/div>\n\t\t\t\t\t<\/div>\n\t\t<\/div>\n\t\t\t\t\t<\/div>\n\t\t<\/section>\n\t\t\t\t<section class=\"elementor-section elementor-top-section elementor-element elementor-element-51c58d3 elementor-section-boxed elementor-section-height-default elementor-section-height-default\" data-id=\"51c58d3\" data-element_type=\"section\">\n\t\t\t\t\t\t<div class=\"elementor-container elementor-column-gap-default\">\n\t\t\t\t\t<div class=\"elementor-column elementor-col-100 elementor-top-column elementor-element elementor-element-8d7e547\" data-id=\"8d7e547\" data-element_type=\"column\">\n\t\t\t<div class=\"elementor-widget-wrap elementor-element-populated\">\n\t\t\t\t\t\t<div class=\"elementor-element elementor-element-9ac996f elementor-widget elementor-widget-text-editor\" data-id=\"9ac996f\" data-element_type=\"widget\" data-widget_type=\"text-editor.default\">\n\t\t\t\t<div class=\"elementor-widget-container\">\n\t\t\t\t\t\t\t\t\t<h3 style=\"transition: opacity 1s ease-in-out 0s;\" data-inject=\"impressum-paragraphTitle1\" data-element-type=\"paragraph\">Verantwortlich:<\/h3>\n<div style=\"transition: opacity 1s ease-in-out 0s;\" data-inject=\"impressum-paragraphText1\">Johannes Waldkircher<\/div>\n<h3 data-inject=\"impressum-paragraphTitle2\" data-element-type=\"paragraph\">Kontakt:<\/h3>\n<div style=\"transition: opacity 1s ease-in-out 0s;\" data-inject=\"impressum-paragraphText2\">\n<div>\n<div>Brennerei Waldkircher<\/div>\n<\/div>\n<div>\n<div>Im Winkel 3<\/div>\n<\/div>\n<div>\n<div>D &#8211; 79805 Eggingen<\/div>\n<\/div>\n<div>\n<div>Telefon: 07746\/1640<\/div>\n<\/div>\n<div>\n<div>eMail: johannes.waldkircher@t-online.de<\/div>\n<\/div>\n<\/div>\n<h3 style=\"transition: opacity 1s ease-in-out 0s;\" data-inject=\"impressum-paragraphTitle4\" data-element-type=\"paragraph\">Umsatzsteuer-ID:<\/h3>\n<div style=\"transition: opacity 1s ease-in-out 0s;\" data-inject=\"impressum-paragraphText4\">USt-Identifikationsnummer: DE 160281772<\/div>\n<div style=\"transition: opacity 1s ease-in-out 0s;\"><span style=\"color: #000000;\"><b>Haftungsheinweis:&nbsp;<\/b><\/span><\/div>\n<div style=\"transition: opacity 1s ease-in-out 0s;\">\n<div>Trotz sorgf\u00e4ltiger inhaltlicher Kontrollen \u00fcbernehmen wir keine Haftung f\u00fcr die Inhalte externer Links. F\u00fcr den Inhalt der verlinkten Seite sind ausschlie\u00dflich deren Betreiber verantwortlich.<\/div>\n<\/div>\n<div data-element-type=\"dDividerId\" data-layout=\"divider-style-1\" data-widget-version=\"2\">\n<hr style=\"border-width: 2px; border-top-style: solid; color: grey;\">\n<\/div>\n<h1>Datenschutzerkl\u00e4rung<\/h1>\n<p>Verantwortliche Stelle im Sinne der Datenschutzgesetze, insbesondere der EU-Datenschutzgrundverordnung (DSGVO), ist:<\/p>\n<div>\n<div>Brennerei Waldkircher<\/div>\n<\/div>\n<div>\n<div>Im Winkel 3<\/div>\n<\/div>\n<div>\n<div>D &#8211; 79805 Eggingen<\/div>\n<\/div><p><\/p>\n<h2><span style=\"color: #000000;\">Ihre Betroffenenrechte<\/span><\/h2>\n<p>Unter den angegebenen Kontaktdaten unseres Datenschutzbeauftragten k\u00f6nnen Sie jederzeit folgende Rechte aus\u00fcben:<\/p>\n<ul>\n<li>Auskunft \u00fcber Ihre bei uns gespeicherten Daten und deren Verarbeitung (Art. 15 DSGVO),<\/li>\n<li>Berichtigung unrichtiger personenbezogener Daten (Art. 16 DSGVO),<\/li>\n<li>L\u00f6schung Ihrer bei uns gespeicherten Daten (Art. 17 DSGVO),<\/li>\n<li>Einschr\u00e4nkung der Datenverarbeitung, sofern wir Ihre Daten aufgrund gesetzlicher Pflichten noch nicht l\u00f6schen d\u00fcrfen (Art. 18 DSGVO),<\/li>\n<li>Widerspruch gegen die Verarbeitung Ihrer Daten bei uns (Art. 21 DSGVO) und<\/li>\n<li>Daten\u00fcbertragbarkeit, sofern Sie in die Datenverarbeitung eingewilligt haben oder einen Vertrag mit uns abgeschlossen haben (Art. 20 DSGVO).<\/li>\n<\/ul>\n<p>Sofern Sie uns eine Einwilligung erteilt haben, k\u00f6nnen Sie diese jederzeit mit Wirkung f\u00fcr die Zukunft widerrufen.<\/p>\n<p>Sie k\u00f6nnen sich jederzeit mit einer Beschwerde an eine Aufsichtsbeh\u00f6rde wenden, z. B. an die zust\u00e4ndige Aufsichtsbeh\u00f6rde des Bundeslands Ihres Wohnsitzes oder an die f\u00fcr uns als verantwortliche Stelle zust\u00e4ndige Beh\u00f6rde.<\/p>\n<p>Eine Liste der Aufsichtsbeh\u00f6rden (f\u00fcr den nicht\u00f6ffentlichen Bereich) mit Anschrift finden Sie unter: <a href=\"https:\/\/www.bfdi.bund.de\/DE\/Infothek\/Anschriften_Links\/anschriften_links-node.html\" target=\"_blank\" rel=\"nofollow noopener\"><span style=\"color: #4245ff;\"><span style=\"font-weight: 400; text-decoration-line: underline;\">https:\/\/www.bfdi.bund.de\/DE\/Infothek\/Anschriften_Links\/anschriften_links-node.html<\/span><\/span><\/a>.<\/p>\n<h2><span style=\"color: #000000;\">Erfassung allgemeiner Informationen beim Besuch unserer Website<\/span><\/h2>\n<h3>Art und Zweck der Verarbeitung:<\/h3>\n<p>Wenn Sie auf unsere Website zugreifen, d.h., wenn Sie sich nicht registrieren oder anderweitig Informationen \u00fcbermitteln, werden automatisch Informationen allgemeiner Natur erfasst. Diese Informationen (Server-Logfiles) beinhalten etwa die Art des Webbrowsers, das verwendete Betriebssystem, den Domainnamen Ihres Internet-Service-Providers, Ihre IP-Adresse und \u00e4hnliches. Hierbei handelt es sich ausschlie\u00dflich um Informationen, welche keine R\u00fcckschl\u00fcsse auf Ihre Person zulassen.<\/p>\n<p>Sie werden insbesondere zu folgenden Zwecken verarbeitet:<\/p>\n<ul>\n<li>Sicherstellung eines problemlosen Verbindungsaufbaus der Website,<\/li>\n<li>Sicherstellung einer reibungslosen Nutzung unserer Website,<\/li>\n<li>Auswertung der Systemsicherheit und -stabilit\u00e4t sowie<\/li>\n<li>zu weiteren administrativen Zwecken.<\/li>\n<\/ul>\n<p>Wir verwenden Ihre Daten nicht, um R\u00fcckschl\u00fcsse auf Ihre Person zu ziehen. Informationen dieser Art werden von uns ggfs. statistisch ausgewertet, um unseren Internetauftritt und die dahinterstehende Technik zu optimieren.<\/p>\n<h3>Rechtsgrundlage:<\/h3>\n<p>Die Verarbeitung erfolgt gem\u00e4\u00df Art. 6 Abs. 1 lit. f DSGVO auf Basis unseres berechtigten Interesses an der Verbesserung der Stabilit\u00e4t und Funktionalit\u00e4t unserer Website.<\/p>\n<h3>Empf\u00e4nger:<\/h3>\n<p>Empf\u00e4nger der Daten sind ggf. technische Dienstleister, die f\u00fcr den Betrieb und die Wartung unserer Webseite als Auftragsverarbeiter t\u00e4tig werden.<\/p>\n<p><\/p>\n<p><span style=\"color: #000000;\"><b>Cookies<\/b><\/span><\/p>\n<p>F\u00fcr die Bereitstellung entsprechender Services verwenden wir und unsere Partner Cookies. Dies gilt auch, wenn Sie unsere Webseite besuchen oder auf unsere Services zugreifen.<\/p>\n<p>Bei einem \u201eCookie\u201c handelt es sich um ein kleines Datenpaket, das Ihrem Ger\u00e4t beim Besuch einer Webseite von dieser Webseite zugeordnet wird. Cookies sind n\u00fctzlich und k\u00f6nnen f\u00fcr unterschiedliche Zwecke eingesetzt werden. Dazu geh\u00f6ren z. B. die erleichterte Navigation zwischen verschiedenen Seiten, die automatische Aktivierung bestimmter Funktionen, das Speichern Ihrer Einstellungen sowie ein optimierter Zugriff auf unsere Services. Die Verwendung von Cookies erm\u00f6glicht uns au\u00dferdem, Ihnen relevante, auf Ihre Interessen abgestimmte Werbung einzublenden und statistische Informationen zu Ihrer Nutzung unserer Services zu sammeln.<\/p>\n<p>Diese Webseite verwendet folgende Arten von Cookies:<\/p>\n<p>a. \u201eSitzungscookies\u201c , die f\u00fcr eine normale Systemnutzung sorgen. Sitzungscookies werden nur f\u00fcr begrenzte Zeit w\u00e4hrend einer Sitzung gespeichert und von Ihrem Ger\u00e4t gel\u00f6scht, sobald Sie Ihren Browser schlie\u00dfen.<\/p>\n<p>b. \u201ePermanente Cookies\u201c, die nur von der Webseite gelesen und beim Schlie\u00dfen des Browserfensters nicht gel\u00f6scht, sondern f\u00fcr eine bestimmte Dauer auf Ihrem Computer gespeichert werden. Diese Art von Cookie erm\u00f6glicht uns, Sie bei Ihrem n\u00e4chsten Besuch zu identifizieren und beispielsweise Ihre Einstellungen zu speichern.<\/p>\n<p>c. \u201eDrittanbieter-Cookies\u201c , die von anderen Online-Diensten gesetzt werden, die mit eigenen Inhalten auf der von Ihnen besuchten Seite vertreten sind. Dies k\u00f6nnen z. B. externe Web-Analytics-Unternehmen sein, die den Zugriff auf unsere Webseite erfassen und analysieren.<\/p>\n<p>Cookies enthalten keine personenbezogenen Daten, die Sie identifizieren, doch die von uns gespeicherten personenbezogenen Daten werden m\u00f6glicherweise von uns mit den in den Cookies enthaltenen Daten verkn\u00fcpft. Sie k\u00f6nnen Cookies \u00fcber die Ger\u00e4teeinstellungen Ihres Ger\u00e4t entfernen. Folgen Sie dabei den entsprechenden Anweisungen. Beachten Sie, dass die Deaktivierung von Cookies zur Einschr\u00e4nkung bestimmter Funktionen bei der Nutzung unserer Webseite f\u00fchren kann.<\/p>\n<p>Das von uns verwendete Tool basiert auf der Technologie von Snowplow Analytics . Zu den von uns erfassten Daten zur Nutzung unserer Webseite geh\u00f6ren beispielsweise, wie h\u00e4ufig Benutzer die Webseite besuchen oder welche Bereiche aufgerufen werden. Das von uns verwendete Tool erfasst keine personenbezogenen Daten und wird von unserem Webhosting-Anbieter und Service-Provider ausschlie\u00dflich zur Verbesserung des eigenen Angebots verwendet.<\/p>\n<p><\/p>\n<h3>Speicherdauer:<\/h3>\n<p>Die Daten werden gel\u00f6scht, sobald diese f\u00fcr den Zweck der Erhebung nicht mehr erforderlich sind. Dies ist f\u00fcr die Daten, die der Bereitstellung der Webseite dienen, grunds\u00e4tzlich der Fall, wenn die jeweilige Sitzung beendet ist.<\/p>\n<h3>Bereitstellung vorgeschrieben oder erforderlich:<\/h3>\n<p>Die Bereitstellung der vorgenannten personenbezogenen Daten ist weder gesetzlich noch vertraglich vorgeschrieben. Ohne die IP-Adresse ist jedoch der Dienst und die Funktionsf\u00e4higkeit unserer Website nicht gew\u00e4hrleistet. Zudem k\u00f6nnen einzelne Dienste und Services nicht verf\u00fcgbar oder eingeschr\u00e4nkt sein. Aus diesem Grund ist ein Widerspruch ausgeschlossen.<\/p>\n<h2><span style=\"color: #000000;\">Verwendung von Google Maps<\/span><\/h2>\n<h3>Art und Zweck der Verarbeitung:<\/h3>\n<p>Auf dieser Webseite nutzen wir das Angebot von Google Maps. Google Maps wird von Google LLC, 1600 Amphitheatre Parkway, Mountain View, CA 94043, USA (nachfolgend \u201eGoogle\u201c) betrieben. Dadurch k\u00f6nnen wir Ihnen interaktive Karten direkt in der Webseite anzeigen und erm\u00f6glichen Ihnen die komfortable Nutzung der Karten-Funktion.<\/p>\n<p>N\u00e4here Informationen \u00fcber die Datenverarbeitung durch Google k\u00f6nnen Sie <a href=\"http:\/\/www.google.com\/privacypolicy.html\"><span style=\"color: #4245ff; text-decoration-line: underline;\">den Google-Datenschutzhinweisen<\/span><\/a> entnehmen. Dort k\u00f6nnen Sie im Datenschutzcenter auch Ihre pers\u00f6nlichen Datenschutz-Einstellungen ver\u00e4ndern.<\/p>\n<p>Ausf\u00fchrliche Anleitungen zur Verwaltung der eigenen Daten im Zusammenhang mit Google-Produkten <a href=\"http:\/\/www.dataliberation.org\/\"><span style=\"color: #4245ff; text-decoration-line: underline;\">finden Sie hier<\/span><\/a>.<\/p>\n<h3>Rechtsgrundlage:<\/h3>\n<p>Rechtsgrundlage f\u00fcr die Einbindung von Google Maps und dem damit verbundenen Datentransfer zu Google ist Ihre Einwilligung (Art. 6 Abs. 1 lit. a DSGVO).<\/p>\n<h3>Empf\u00e4nger:<\/h3>\n<p>Durch den Besuch der Webseite erh\u00e4lt Google Informationen, dass Sie die entsprechende Unterseite unserer Webseite aufgerufen haben. Dies erfolgt unabh\u00e4ngig davon, ob Google ein Nutzerkonto bereitstellt, \u00fcber das Sie eingeloggt sind, oder ob keine Nutzerkonto besteht. Wenn Sie bei Google eingeloggt sind, werden Ihre Daten direkt Ihrem Konto zugeordnet.<\/p>\n<p>Wenn Sie die Zuordnung in Ihrem Profil bei Google nicht w\u00fcnschen, m\u00fcssen Sie sich vor Aktivierung des Buttons bei Google ausloggen. Google speichert Ihre Daten als Nutzungsprofile und nutzt sie f\u00fcr Zwecke der Werbung, Marktforschung und\/oder bedarfsgerechter Gestaltung seiner Webseite. Eine solche Auswertung erfolgt insbesondere (selbst f\u00fcr nicht eingeloggte Nutzer) zur Erbringung bedarfsgerechter Werbung und um andere Nutzer des sozialen Netzwerks \u00fcber Ihre Aktivit\u00e4ten auf unserer Webseite zu informieren. Ihnen steht ein Widerspruchsrecht zu gegen die Bildung dieser Nutzerprofile, wobei Sie sich zur Aus\u00fcbung dessen an Google richten m\u00fcssen.<\/p>\n<h3>Speicherdauer:<\/h3>\n<p>Wir erheben keine personenbezogenen Daten, durch die Einbindung von Google Maps.<\/p>\n<h3>Drittlandtransfer:<\/h3>\n<p>Google verarbeitet Ihre Daten in den USA und hat sich dem EU_US Privacy Shield unterworfen <span style=\"color: #4245ff; text-decoration-line: underline;\"> <a style=\"color: #4245ff;\" href=\"https:\/\/www.privacyshield.gov\/EU-US-Framework\">https:\/\/www.privacyshield.gov\/EU-US-Framework<\/a><\/span> .<\/p>\n<h3>Widerruf der Einwilligung:<\/h3>\n<p>Wenn Sie nicht m\u00f6chten, dass Google \u00fcber unseren Internetauftritt Daten \u00fcber Sie erhebt, verarbeitet oder nutzt, k\u00f6nnen Sie in Ihrem Browsereinstellungen JavaScript deaktivieren. In diesem Fall k\u00f6nnen Sie unsere Webseite jedoch nicht oder nur eingeschr\u00e4nkt nutzen.<\/p>\n<h3>Bereitstellung vorgeschrieben oder erforderlich:<\/h3>\n<p>Die Bereitstellung Ihrer personenbezogenen Daten erfolgt freiwillig, allein auf Basis Ihrer Einwilligung. Sofern Sie den Zugriff unterbinden, kann es hierdurch zu Funktionseinschr\u00e4nkungen auf der Website kommen.<\/p>\n<h2><span style=\"color: #000000;\">\u00c4nderung unserer Datenschutzbesti<\/span><span style=\"color: #000000;\">mmungen<\/span><\/h2>\n<p>Wir behalten uns vor, diese Datenschutzerkl\u00e4rung anzupassen, damit sie stets den aktuellen rechtlichen Anforderungen entspricht oder um \u00c4nderungen unserer Leistungen in der Datenschutzerkl\u00e4rung umzusetzen, z.B. bei der Einf\u00fchrung neuer Services. F\u00fcr Ihren erneuten Besuch gilt dann die neue Datenschutzerkl\u00e4rung.<\/p>\n<h2><span style=\"color: #232121;\">Fragen an den Datenschutzbeauftragten<\/span><\/h2>\n<p>Wenn Sie Fragen zum Datenschutz haben, schreiben Sie uns bitte eine E-Mail oder wenden Sie sich direkt an die f\u00fcr den Datenschutz verantwortliche Person in unserer Organisation:<\/p>\n<p><\/p>\t\t\t\t\t\t\t\t<\/div>\n\t\t\t\t<\/div>\n\t\t\t\t\t<\/div>\n\t\t<\/div>\n\t\t\t\t\t<\/div>\n\t\t<\/section>\n\t\t\t\t<\/div>\n\t\t","protected":false},"excerpt":{"rendered":"<p>Impressum Verantwortlich: Johannes Waldkircher Kontakt: Brennerei Waldkircher Im Winkel 3 D &#8211; 79805 Eggingen Telefon: 07746\/1640 eMail: johannes.waldkircher@t-online.de Umsatzsteuer-ID: USt-Identifikationsnummer: DE 160281772 Haftungsheinweis:&nbsp; Trotz sorgf\u00e4ltiger inhaltlicher Kontrollen \u00fcbernehmen wir keine Haftung f\u00fcr die Inhalte externer Links. F\u00fcr den Inhalt der verlinkten Seite sind ausschlie\u00dflich deren Betreiber verantwortlich. Datenschutzerkl\u00e4rung Verantwortliche Stelle im Sinne der Datenschutzgesetze, insbesondere [&hellip;]<\/p>\n","protected":false},"author":1,"featured_media":0,"parent":0,"menu_order":0,"comment_status":"closed","ping_status":"closed","template":"","meta":{"footnotes":""},"class_list":["post-110","page","type-page","status-publish","hentry"],"_links":{"self":[{"href":"https:\/\/brennerei-waldkircher.de\/index.php?rest_route=\/wp\/v2\/pages\/110","targetHints":{"allow":["GET"]}}],"collection":[{"href":"https:\/\/brennerei-waldkircher.de\/index.php?rest_route=\/wp\/v2\/pages"}],"about":[{"href":"https:\/\/brennerei-waldkircher.de\/index.php?rest_route=\/wp\/v2\/types\/page"}],"author":[{"embeddable":true,"href":"https:\/\/brennerei-waldkircher.de\/index.php?rest_route=\/wp\/v2\/users\/1"}],"replies":[{"embeddable":true,"href":"https:\/\/brennerei-waldkircher.de\/index.php?rest_route=%2Fwp%2Fv2%2Fcomments&post=110"}],"version-history":[{"count":7,"href":"https:\/\/brennerei-waldkircher.de\/index.php?rest_route=\/wp\/v2\/pages\/110\/revisions"}],"predecessor-version":[{"id":323,"href":"https:\/\/brennerei-waldkircher.de\/index.php?rest_route=\/wp\/v2\/pages\/110\/revisions\/323"}],"wp:attachment":[{"href":"https:\/\/brennerei-waldkircher.de\/index.php?rest_route=%2Fwp%2Fv2%2Fmedia&parent=110"}],"curies":[{"name":"wp","href":"https:\/\/api.w.org\/{rel}","templated":true}]}}