{"id":12,"date":"2016-08-24T18:00:40","date_gmt":"2016-08-24T18:00:40","guid":{"rendered":"http:\/\/waldkircher.vipeworks.de\/?page_id=12"},"modified":"2023-05-19T09:41:01","modified_gmt":"2023-05-19T09:41:01","slug":"brennerei","status":"publish","type":"page","link":"https:\/\/brennerei-waldkircher.de\/?page_id=12","title":{"rendered":"Brennerei"},"content":{"rendered":"\t\t<div data-elementor-type=\"wp-page\" data-elementor-id=\"12\" class=\"elementor elementor-12\">\n\t\t\t\t\t\t<section class=\"elementor-section elementor-top-section elementor-element elementor-element-3c72c5e elementor-section-boxed elementor-section-height-default elementor-section-height-default\" data-id=\"3c72c5e\" data-element_type=\"section\">\n\t\t\t\t\t\t<div class=\"elementor-container elementor-column-gap-default\">\n\t\t\t\t\t<div class=\"elementor-column elementor-col-100 elementor-top-column elementor-element elementor-element-237b82d\" data-id=\"237b82d\" data-element_type=\"column\">\n\t\t\t<div class=\"elementor-widget-wrap elementor-element-populated\">\n\t\t\t\t\t\t<div class=\"elementor-element elementor-element-779f343 elementor-widget elementor-widget-text-editor\" data-id=\"779f343\" data-element_type=\"widget\" data-widget_type=\"text-editor.default\">\n\t\t\t\t<div class=\"elementor-widget-container\">\n\t\t\t\t\t\t\t\t\t<div><div>Schnaps ist die \u00e4lteste Medizin der Welt&#8230;&nbsp;&nbsp;<\/div><\/div><div><div>Darum gibt es auch mehr alte Brenner als alte \u00c4rzte<\/div><\/div>\t\t\t\t\t\t\t\t<\/div>\n\t\t\t\t<\/div>\n\t\t\t\t\t<\/div>\n\t\t<\/div>\n\t\t\t\t\t<\/div>\n\t\t<\/section>\n\t\t\t\t<section class=\"elementor-section elementor-top-section elementor-element elementor-element-36c006af elementor-section-boxed elementor-section-height-default elementor-section-height-default\" data-id=\"36c006af\" data-element_type=\"section\">\n\t\t\t\t\t\t<div class=\"elementor-container elementor-column-gap-default\">\n\t\t\t\t\t<div class=\"elementor-column elementor-col-100 elementor-top-column elementor-element elementor-element-7379f1eb\" data-id=\"7379f1eb\" data-element_type=\"column\">\n\t\t\t<div class=\"elementor-widget-wrap elementor-element-populated\">\n\t\t\t\t\t\t<section class=\"elementor-section elementor-inner-section elementor-element elementor-element-52e4ca8 elementor-section-boxed elementor-section-height-default elementor-section-height-default\" data-id=\"52e4ca8\" data-element_type=\"section\">\n\t\t\t\t\t\t<div class=\"elementor-container elementor-column-gap-default\">\n\t\t\t\t\t<div class=\"elementor-column elementor-col-50 elementor-inner-column elementor-element elementor-element-35a119f\" data-id=\"35a119f\" data-element_type=\"column\">\n\t\t\t<div class=\"elementor-widget-wrap elementor-element-populated\">\n\t\t\t\t\t\t<div class=\"elementor-element elementor-element-ef37220 elementor-widget__width-initial elementor-widget elementor-widget-image\" data-id=\"ef37220\" data-element_type=\"widget\" data-widget_type=\"image.default\">\n\t\t\t\t<div class=\"elementor-widget-container\">\n\t\t\t\t\t\t\t\t\t\t\t\t\t\t\t<img fetchpriority=\"high\" decoding=\"async\" width=\"500\" height=\"745\" src=\"https:\/\/brennerei-waldkircher.de\/wp-content\/uploads\/2016\/11\/70-1.jpg\" class=\"attachment-large size-large wp-image-200\" alt=\"\" srcset=\"https:\/\/brennerei-waldkircher.de\/wp-content\/uploads\/2016\/11\/70-1.jpg 500w, https:\/\/brennerei-waldkircher.de\/wp-content\/uploads\/2016\/11\/70-1-201x300.jpg 201w\" sizes=\"(max-width: 500px) 100vw, 500px\" \/>\t\t\t\t\t\t\t\t\t\t\t\t\t\t\t<\/div>\n\t\t\t\t<\/div>\n\t\t\t\t\t<\/div>\n\t\t<\/div>\n\t\t\t\t<div class=\"elementor-column elementor-col-50 elementor-inner-column elementor-element elementor-element-5beeefa\" data-id=\"5beeefa\" data-element_type=\"column\">\n\t\t\t<div class=\"elementor-widget-wrap elementor-element-populated\">\n\t\t\t\t\t\t<div class=\"elementor-element elementor-element-0fac955 elementor-widget elementor-widget-text-editor\" data-id=\"0fac955\" data-element_type=\"widget\" data-widget_type=\"text-editor.default\">\n\t\t\t\t<div class=\"elementor-widget-container\">\n\t\t\t\t\t\t\t\t\t<div><div class=\"xr_tl\" style=\"text-align: left;\">Im Jahr 2003 wurde unsere Brennerei auf<\/div><\/div><div style=\"text-align: left;\"><div class=\"xr_tl\">den neusten technischen Stand gebracht<\/div><\/div><div style=\"text-align: left;\"><div class=\"xr_tl\">um unsere Auswahl an Br\u00e4nden besonders<\/div><\/div><div style=\"text-align: left;\"><div class=\"xr_tl\">schonend zu brennen.<\/div><\/div><div class=\"xr_tl\"><div style=\"text-align: left;\"><div class=\"xr_tl\">Wir f\u00fchren Ihnen unsere Kunst des<\/div><\/div><div style=\"text-align: left;\"><div class=\"xr_tl\">Brennens gerne vor&#8230; Besuchen Sie<\/div><\/div><div><div class=\"xr_tl\" style=\"text-align: left;\">doch einfach unsere Schaubr\u00e4nde<\/div><\/div><\/div>\t\t\t\t\t\t\t\t<\/div>\n\t\t\t\t<\/div>\n\t\t\t\t\t<\/div>\n\t\t<\/div>\n\t\t\t\t\t<\/div>\n\t\t<\/section>\n\t\t\t\t<section class=\"elementor-section elementor-inner-section elementor-element elementor-element-b884251 elementor-section-boxed elementor-section-height-default elementor-section-height-default\" data-id=\"b884251\" data-element_type=\"section\">\n\t\t\t\t\t\t<div class=\"elementor-container elementor-column-gap-default\">\n\t\t\t\t\t<div class=\"elementor-column elementor-col-50 elementor-inner-column elementor-element elementor-element-2fe6c39\" data-id=\"2fe6c39\" data-element_type=\"column\">\n\t\t\t<div class=\"elementor-widget-wrap elementor-element-populated\">\n\t\t\t\t\t\t<div class=\"elementor-element elementor-element-fb8669c elementor-widget elementor-widget-text-editor\" data-id=\"fb8669c\" data-element_type=\"widget\" data-widget_type=\"text-editor.default\">\n\t\t\t\t<div class=\"elementor-widget-container\">\n\t\t\t\t\t\t\t\t\t<div><div class=\"xr_tl\">Es war schon immer das oberste<\/div><\/div><div><div class=\"xr_tl\">Ziel unserer Vorfahren nur Produkte<\/div><\/div><div><div class=\"xr_tl\">h\u00f6chster Qualit\u00e4t zu erzeugen.<\/div><\/div><div><div class=\"xr_tl\">F\u00fcr mich, bereits in der vierten<\/div><\/div><div><div class=\"xr_tl\">Generation ist es eine Verpflichtung<\/div><\/div><div><div class=\"xr_tl\">dies fortzusetzen.<\/div><\/div>\t\t\t\t\t\t\t\t<\/div>\n\t\t\t\t<\/div>\n\t\t\t\t\t<\/div>\n\t\t<\/div>\n\t\t\t\t<div class=\"elementor-column elementor-col-50 elementor-inner-column elementor-element elementor-element-95bab21\" data-id=\"95bab21\" data-element_type=\"column\">\n\t\t\t<div class=\"elementor-widget-wrap elementor-element-populated\">\n\t\t\t\t\t\t<div class=\"elementor-element elementor-element-6cd065e elementor-widget elementor-widget-image\" data-id=\"6cd065e\" data-element_type=\"widget\" data-widget_type=\"image.default\">\n\t\t\t\t<div class=\"elementor-widget-container\">\n\t\t\t\t\t\t\t\t\t\t\t\t\t\t\t<img decoding=\"async\" width=\"500\" height=\"336\" src=\"https:\/\/brennerei-waldkircher.de\/wp-content\/uploads\/2016\/08\/71.jpg\" class=\"attachment-large size-large wp-image-75\" alt=\"\" srcset=\"https:\/\/brennerei-waldkircher.de\/wp-content\/uploads\/2016\/08\/71.jpg 500w, https:\/\/brennerei-waldkircher.de\/wp-content\/uploads\/2016\/08\/71-300x202.jpg 300w\" sizes=\"(max-width: 500px) 100vw, 500px\" \/>\t\t\t\t\t\t\t\t\t\t\t\t\t\t\t<\/div>\n\t\t\t\t<\/div>\n\t\t\t\t\t<\/div>\n\t\t<\/div>\n\t\t\t\t\t<\/div>\n\t\t<\/section>\n\t\t\t\t\t<\/div>\n\t\t<\/div>\n\t\t\t\t\t<\/div>\n\t\t<\/section>\n\t\t\t\t<section class=\"elementor-section elementor-top-section elementor-element elementor-element-9c87529 elementor-section-boxed elementor-section-height-default elementor-section-height-default\" data-id=\"9c87529\" data-element_type=\"section\">\n\t\t\t\t\t\t<div class=\"elementor-container elementor-column-gap-default\">\n\t\t\t\t\t<div class=\"elementor-column elementor-col-100 elementor-top-column elementor-element elementor-element-4c7a81c\" data-id=\"4c7a81c\" data-element_type=\"column\">\n\t\t\t<div class=\"elementor-widget-wrap elementor-element-populated\">\n\t\t\t\t\t\t<section class=\"elementor-section elementor-inner-section elementor-element elementor-element-c4070cf elementor-section-boxed elementor-section-height-default elementor-section-height-default\" data-id=\"c4070cf\" data-element_type=\"section\">\n\t\t\t\t\t\t<div class=\"elementor-container elementor-column-gap-default\">\n\t\t\t\t\t<div class=\"elementor-column elementor-col-33 elementor-inner-column elementor-element elementor-element-30074a0\" data-id=\"30074a0\" data-element_type=\"column\">\n\t\t\t<div class=\"elementor-widget-wrap elementor-element-populated\">\n\t\t\t\t\t\t<div class=\"elementor-element elementor-element-4ada0bb elementor-widget__width-initial elementor-widget elementor-widget-image\" data-id=\"4ada0bb\" data-element_type=\"widget\" data-widget_type=\"image.default\">\n\t\t\t\t<div class=\"elementor-widget-container\">\n\t\t\t\t\t\t\t\t\t\t\t\t\t\t\t<img decoding=\"async\" width=\"200\" height=\"300\" src=\"https:\/\/brennerei-waldkircher.de\/wp-content\/uploads\/2023\/04\/5of5huo9.png\" class=\"attachment-large size-large wp-image-432\" alt=\"\" \/>\t\t\t\t\t\t\t\t\t\t\t\t\t\t\t<\/div>\n\t\t\t\t<\/div>\n\t\t\t\t\t<\/div>\n\t\t<\/div>\n\t\t\t\t<div class=\"elementor-column elementor-col-66 elementor-inner-column elementor-element elementor-element-a68615b\" data-id=\"a68615b\" data-element_type=\"column\">\n\t\t\t<div class=\"elementor-widget-wrap elementor-element-populated\">\n\t\t\t\t\t\t<div class=\"elementor-element elementor-element-2929a73 elementor-widget__width-initial elementor-widget elementor-widget-image\" data-id=\"2929a73\" data-element_type=\"widget\" data-widget_type=\"image.default\">\n\t\t\t\t<div class=\"elementor-widget-container\">\n\t\t\t\t\t\t\t\t\t\t\t\t\t\t\t<img loading=\"lazy\" decoding=\"async\" width=\"800\" height=\"534\" src=\"https:\/\/brennerei-waldkircher.de\/wp-content\/uploads\/2016\/11\/IMG_9891-1024x683.jpg\" class=\"attachment-large size-large wp-image-133\" alt=\"\" srcset=\"https:\/\/brennerei-waldkircher.de\/wp-content\/uploads\/2016\/11\/IMG_9891-1024x683.jpg 1024w, https:\/\/brennerei-waldkircher.de\/wp-content\/uploads\/2016\/11\/IMG_9891-300x200.jpg 300w, https:\/\/brennerei-waldkircher.de\/wp-content\/uploads\/2016\/11\/IMG_9891-768x512.jpg 768w, https:\/\/brennerei-waldkircher.de\/wp-content\/uploads\/2016\/11\/IMG_9891.jpg 2048w\" sizes=\"(max-width: 800px) 100vw, 800px\" \/>\t\t\t\t\t\t\t\t\t\t\t\t\t\t\t<\/div>\n\t\t\t\t<\/div>\n\t\t\t\t\t<\/div>\n\t\t<\/div>\n\t\t\t\t\t<\/div>\n\t\t<\/section>\n\t\t\t\t\t<\/div>\n\t\t<\/div>\n\t\t\t\t\t<\/div>\n\t\t<\/section>\n\t\t\t\t<\/div>\n\t\t","protected":false},"excerpt":{"rendered":"<p>Schnaps ist die \u00e4lteste Medizin der Welt&#8230;&nbsp;&nbsp;Darum gibt es auch mehr alte Brenner als alte \u00c4rzte Im Jahr 2003 wurde unsere Brennerei aufden neusten technischen Stand gebrachtum unsere Auswahl an Br\u00e4nden besondersschonend zu brennen.Wir f\u00fchren Ihnen unsere Kunst desBrennens gerne vor&#8230; Besuchen Siedoch einfach unsere Schaubr\u00e4ndeEs war schon immer das obersteZiel unserer Vorfahren nur Produkteh\u00f6chster [&hellip;]<\/p>\n","protected":false},"author":1,"featured_media":0,"parent":0,"menu_order":0,"comment_status":"closed","ping_status":"closed","template":"","meta":{"footnotes":""},"class_list":["post-12","page","type-page","status-publish","hentry"],"_links":{"self":[{"href":"https:\/\/brennerei-waldkircher.de\/index.php?rest_route=\/wp\/v2\/pages\/12","targetHints":{"allow":["GET"]}}],"collection":[{"href":"https:\/\/brennerei-waldkircher.de\/index.php?rest_route=\/wp\/v2\/pages"}],"about":[{"href":"https:\/\/brennerei-waldkircher.de\/index.php?rest_route=\/wp\/v2\/types\/page"}],"author":[{"embeddable":true,"href":"https:\/\/brennerei-waldkircher.de\/index.php?rest_route=\/wp\/v2\/users\/1"}],"replies":[{"embeddable":true,"href":"https:\/\/brennerei-waldkircher.de\/index.php?rest_route=%2Fwp%2Fv2%2Fcomments&post=12"}],"version-history":[{"count":5,"href":"https:\/\/brennerei-waldkircher.de\/index.php?rest_route=\/wp\/v2\/pages\/12\/revisions"}],"predecessor-version":[{"id":495,"href":"https:\/\/brennerei-waldkircher.de\/index.php?rest_route=\/wp\/v2\/pages\/12\/revisions\/495"}],"wp:attachment":[{"href":"https:\/\/brennerei-waldkircher.de\/index.php?rest_route=%2Fwp%2Fv2%2Fmedia&parent=12"}],"curies":[{"name":"wp","href":"https:\/\/api.w.org\/{rel}","templated":true}]}}