{"id":276,"date":"2023-04-21T08:47:39","date_gmt":"2023-04-21T08:47:39","guid":{"rendered":"http:\/\/brennerei-waldkircher.de\/?page_id=276"},"modified":"2025-07-08T20:07:58","modified_gmt":"2025-07-08T20:07:58","slug":"home","status":"publish","type":"page","link":"https:\/\/brennerei-waldkircher.de\/","title":{"rendered":"Home"},"content":{"rendered":"<h1>Traditionell gebrannt, <br \/>Schwarzw\u00e4lder Klarheit entfacht!<\/h1>\n<h6>Familienbrennerei seit mehr als 120 Jahren<\/h6>\n<h2>Willkommen<\/h2>\n<h2>in unserer Brennerei<\/h2>\n<h6>Schwrzw\u00e4lder Traditionsbrennerei<\/h6>\n<p>&#8222;Seit \u00fcber 120 Jahren und in der 4. Generation entstehen bei uns auf dem Hof edle Br\u00e4nde und Lik\u00f6re aus verschiedenen Fr\u00fcchten, veredelt mit modernster Technik und \u00fcberliefertem Familienwissen. Qualit\u00e4t und Sauberkeit sind unser oberstes Gebot. Nach sorgf\u00e4ltiger Maischung und Destillation lagern unsere Destillate in Edelstahltanks, Korbflaschen und Holzf\u00e4ssern, um ihre volle Reife zu erlangen. Nach der Lagerung erfolgt stolz die Abf\u00fcllung in verschiedene Flaschen, um unseren Kunden erstklassige Gen\u00fcsse zu bieten und die Tradition der Schwarzw\u00e4lder Schnapsbrennerei zu bewahren.&#8220;<\/p>\n<p>\u00a0<\/p>\n<p>\t\t\t\t\t<a href=\"https:\/\/brennerei-waldkircher.de\/?page_id=71\"><br \/>\n\t\t\t\t\t\t\t\t\tUnsere Geschichte<br \/>\n\t\t\t\t\t<\/a><\/p>\n<h6>Mit Leidenschaft gebrannt, Perfekt gereift: Entfessele den Geist des Whiskys!<\/h6>\n<h2>Whisky pur<\/h2>\n<p>Willkommen in unserer Whisky-Destillerie, wo Leidenschaft und Handwerkskunst aufeinandertreffen, um erlesene Spirituosen von h\u00f6chster Qualit\u00e4t zu erschaffen. Tauchen Sie ein in die faszinierende Welt des Whiskys und entdecken Sie bei uns die einzigartigen Aromen und den unvergleichlichen Charakter dieser edlen Spirituose.<\/p>\n<p>\t\t\t\t\t<a href=\"https:\/\/brennerei-waldkircher.de\/?page_id=70\"><br \/>\n\t\t\t\t\t\t\t\t\tEntdecke unser Angebot<br \/>\n\t\t\t\t\t<\/a><br \/>\n\t\t\t\t\t\t\t\t\t\t\t\t\t\t\t<img fetchpriority=\"high\" decoding=\"async\" width=\"800\" height=\"462\" src=\"https:\/\/brennerei-waldkircher.de\/wp-content\/uploads\/2023\/04\/MauriceSobiera_whiskyglass_on_barrell_c664232b-b0ed-4fc0-9546-1ebee95eeb27-1024x591.png\" alt=\"\" srcset=\"https:\/\/brennerei-waldkircher.de\/wp-content\/uploads\/2023\/04\/MauriceSobiera_whiskyglass_on_barrell_c664232b-b0ed-4fc0-9546-1ebee95eeb27-1024x591.png 1024w, https:\/\/brennerei-waldkircher.de\/wp-content\/uploads\/2023\/04\/MauriceSobiera_whiskyglass_on_barrell_c664232b-b0ed-4fc0-9546-1ebee95eeb27-300x173.png 300w, https:\/\/brennerei-waldkircher.de\/wp-content\/uploads\/2023\/04\/MauriceSobiera_whiskyglass_on_barrell_c664232b-b0ed-4fc0-9546-1ebee95eeb27-768x443.png 768w, https:\/\/brennerei-waldkircher.de\/wp-content\/uploads\/2023\/04\/MauriceSobiera_whiskyglass_on_barrell_c664232b-b0ed-4fc0-9546-1ebee95eeb27.png 1200w\" sizes=\"(max-width: 800px) 100vw, 800px\" \/><br \/>\n\t\t\t\t\t\t\t\t\t\t\t\t\t\t\t<img decoding=\"async\" width=\"510\" height=\"340\" src=\"https:\/\/brennerei-waldkircher.de\/wp-content\/uploads\/2023\/04\/brandy-4319266__340.jpg\" alt=\"\" srcset=\"https:\/\/brennerei-waldkircher.de\/wp-content\/uploads\/2023\/04\/brandy-4319266__340.jpg 510w, https:\/\/brennerei-waldkircher.de\/wp-content\/uploads\/2023\/04\/brandy-4319266__340-300x200.jpg 300w\" sizes=\"(max-width: 510px) 100vw, 510px\" \/>\t\t\t\t\t\t\t\t\t\t\t\t\t\t\t<\/p>\n<h6>Klare Edelbr\u00e4nde in erstklassiger Qualit\u00e4t<\/h6>\n<h2>Gebrannt mit Herz und Verstand <\/h2>\n<p>Genie\u00dfen Sie den unvergleichlichen Geschmack von handgefertigtem Schnaps aus erlesenen Zutaten. Unsere Schnapsherstellung vereint traditionelle Handwerkskunst mit modernster Technologie f\u00fcr ein unvergessliches Genusserlebnis. Lassen Sie sich von der Vielfalt unserer edlen Br\u00e4nde begeistern und erleben Sie puren Genuss au<\/p>\n<p>\t\t\t\t\t<a href=\"https:\/\/brennerei-waldkircher.de\/?page_id=70\"><br \/>\n\t\t\t\t\t\t\t\t\tEntdecke unser Angebot<br \/>\n\t\t\t\t\t<\/a><\/p>\n<h6>Lik\u00f6re und Geist<\/h6>\n<h2>F\u00fcr Genisser und Kenner<\/h2>\n<p>Erleben Sie den verf\u00fchrerischen Geschmack unserer Lik\u00f6re, die aus nat\u00fcrlichen Zutaten und viel Liebe hergestellt werden. Lassen Sie sich von der s\u00fc\u00dfen Verlockung unserer Lik\u00f6re verzaubern und genie\u00dfen Sie Momente voller Genuss und Entspannung. Unsere Lik\u00f6re sind der perfekte Begleiter f\u00fcr gesellige Abende und besondere Anl\u00e4sse &#8211; probieren Sie sie jetzt und lassen Sie sich begeistern!<\/p>\n<p>\t\t\t\t\t<a href=\"https:\/\/brennerei-waldkircher.de\/?page_id=70\"><br \/>\n\t\t\t\t\t\t\t\t\tEntdecke unser Angebot<br \/>\n\t\t\t\t\t<\/a><br \/>\n\t\t\t\t\t\t\t\t\t\t\t\t\t\t\t<img decoding=\"async\" width=\"510\" height=\"340\" src=\"https:\/\/brennerei-waldkircher.de\/wp-content\/uploads\/2023\/04\/4647660__340.jpg\" alt=\"\" srcset=\"https:\/\/brennerei-waldkircher.de\/wp-content\/uploads\/2023\/04\/4647660__340.jpg 510w, https:\/\/brennerei-waldkircher.de\/wp-content\/uploads\/2023\/04\/4647660__340-300x200.jpg 300w\" sizes=\"(max-width: 510px) 100vw, 510px\" \/><\/p>\n","protected":false},"excerpt":{"rendered":"<p>Traditionell gebrannt, Schwarzw\u00e4lder Klarheit entfacht! Familienbrennerei seit mehr als 120 Jahren Willkommen in unserer Brennerei Schwrzw\u00e4lder Traditionsbrennerei &#8222;Seit \u00fcber 120 Jahren und in der 4. Generation entstehen bei uns auf dem Hof edle Br\u00e4nde und Lik\u00f6re aus verschiedenen Fr\u00fcchten, veredelt mit modernster Technik und \u00fcberliefertem Familienwissen. Qualit\u00e4t und Sauberkeit sind unser oberstes Gebot. Nach sorgf\u00e4ltiger [&hellip;]<\/p>\n","protected":false},"author":1,"featured_media":0,"parent":0,"menu_order":0,"comment_status":"closed","ping_status":"closed","template":"","meta":{"footnotes":""},"class_list":["post-276","page","type-page","status-publish","hentry"],"_links":{"self":[{"href":"https:\/\/brennerei-waldkircher.de\/index.php?rest_route=\/wp\/v2\/pages\/276","targetHints":{"allow":["GET"]}}],"collection":[{"href":"https:\/\/brennerei-waldkircher.de\/index.php?rest_route=\/wp\/v2\/pages"}],"about":[{"href":"https:\/\/brennerei-waldkircher.de\/index.php?rest_route=\/wp\/v2\/types\/page"}],"author":[{"embeddable":true,"href":"https:\/\/brennerei-waldkircher.de\/index.php?rest_route=\/wp\/v2\/users\/1"}],"replies":[{"embeddable":true,"href":"https:\/\/brennerei-waldkircher.de\/index.php?rest_route=%2Fwp%2Fv2%2Fcomments&post=276"}],"version-history":[{"count":33,"href":"https:\/\/brennerei-waldkircher.de\/index.php?rest_route=\/wp\/v2\/pages\/276\/revisions"}],"predecessor-version":[{"id":552,"href":"https:\/\/brennerei-waldkircher.de\/index.php?rest_route=\/wp\/v2\/pages\/276\/revisions\/552"}],"wp:attachment":[{"href":"https:\/\/brennerei-waldkircher.de\/index.php?rest_route=%2Fwp%2Fv2%2Fmedia&parent=276"}],"curies":[{"name":"wp","href":"https:\/\/api.w.org\/{rel}","templated":true}]}}